{"id":5744,"date":"2019-10-23T16:35:22","date_gmt":"2019-10-23T20:35:22","guid":{"rendered":"https:\/\/panm360.com\/equipe\/"},"modified":"2022-02-21T08:44:39","modified_gmt":"2022-02-21T13:44:39","slug":"equipe","status":"publish","type":"page","link":"https:\/\/panm360.com\/en\/equipe\/","title":{"rendered":"\u00c9quipe"},"content":{"rendered":"<p><strong>BOARD OF DIRECTORS<\/strong><\/p>\n<p><strong>Alexandre Auch\u00e9<\/strong> &#8211; President \/ Promotor, artist manager, producer, High Food.<\/p>\n<p><strong>Serge Proven\u00e7al<\/strong> &#8211; Secretary \/ Lawyer and legal advisor &#8211; Serge Proven\u00e7al Avocat<\/p>\n<p><strong>Alain Brunet<\/strong> &#8211; Founder, Director \/ Columnist, critic, essayist, host, editor<\/p>\n<p><strong>Maril\u00e8ne B\u00e9lange<\/strong>r &#8211; Administrator \/ Lawyer, negotiating lawyer &#8211; Cirque du Soleil<\/p>\n<p><strong>Patrick Baillargeon<\/strong> &#8211; Administrator \/ Freelance journalist, translator, DJ<\/p>\n<p><strong>Liette Gauthier<\/strong> &#8211; Administrator \/ Composer, cultural agent, Maison de la Culture Ahuntsic<\/p>\n<p><strong>Philippe Larocque<\/strong> &#8211; Administrator \/ Producer, promoter, Mothland<\/p>\n<p><strong>Sophie Naert<\/strong> &#8211; Administrator \/ Web strategist, Panorama Digital<\/p>\n<p><strong>Mouk Davanh Chanthavinout<\/strong> &#8211; administrator \/ University project officer (HEC)<\/p>\n<p><strong>Louis-Charles Houle<\/strong> &#8211; administrator \/ Owner and manager of music venues (Studios de Rouen, Studios d&#8217;Orl\u00e9ans, Ausgang Plaza)<\/p>\n<p><strong>MANAGEMENT TEAM<\/strong><\/p>\n<p><strong>Alain Brunet<\/strong> &#8211; Content and Operations Manager<\/p>\n<p><strong>Luc Marchessault<\/strong> &#8211; Writing, editing, translation, content management<\/p>\n<p><strong>Patrick Baillargeon<\/strong> &#8211; Writing and content management<\/p>\n<p><strong>Rupert Bottenberg<\/strong> &#8211; English copywriting, translation, content management<\/p>\n<p><strong>Stephan Boissonneault<\/strong> &#8211; English-language writing, content management<\/p>\n<p><strong>Patrice Caron<\/strong> &#8211; Back-end maintenance, audiovisual content management<\/p>\n<p><strong>Elsa Fortant<\/strong> &#8211; Content management, cultural mediation<\/p>\n<p><strong>Djazia Idir<\/strong> &#8211; Social media management, promotion<\/p>\n<p><strong>CONTENT CONTRIBUTORS<\/strong><\/p>\n<p><strong>Alexandre Villemaire, Anne-Sophie Rasolo, Christine Fortier, Claude Andr\u00e9, Fr\u00e9d\u00e9ric Cardin, Isabelle Marceau, Louise Jaunet, R\u00e9jean Beaucage , Richard Lafrance, Steve Naud, Salima Bouaraour, Genevi\u00e8ve Gendreau, Ralph Boncy.<\/strong><\/p>\n","protected":false},"excerpt":{"rendered":"<p>BOARD OF DIRECTORS Alexandre Auch\u00e9 &#8211; President \/ Promotor, artist manager, producer, High Food. Serge Proven\u00e7al &#8211; Secretary \/ Lawyer and legal advisor &#8211; Serge Proven\u00e7al Avocat Alain Brunet &#8211; Founder, Director \/ Columnist, critic, essayist, host, editor Maril\u00e8ne B\u00e9langer &#8211; Administrator \/ Lawyer, negotiating lawyer &#8211; Cirque du Soleil Patrick Baillargeon &#8211; Administrator \/ [&hellip;]<\/p>\n","protected":false},"author":936,"featured_media":0,"parent":0,"menu_order":0,"comment_status":"closed","ping_status":"closed","template":"","meta":{"_acf_changed":false,"_crdt_document":"","footnotes":""},"class_list":["post-5744","page","type-page","status-publish","hentry"],"acf":[],"yoast_head":"<!-- This site is optimized with the Yoast SEO plugin v27.1.1 - https:\/\/yoast.com\/product\/yoast-seo-wordpress\/ -->\n<title>\u00c9quipe - PAN M 360<\/title>\n<meta name=\"robots\" content=\"index, follow, max-snippet:-1, max-image-preview:large, max-video-preview:-1\" \/>\n<link rel=\"canonical\" href=\"https:\/\/panm360.com\/en\/equipe\/\" \/>\n<meta property=\"og:locale\" content=\"en_US\" \/>\n<meta property=\"og:type\" content=\"article\" \/>\n<meta property=\"og:title\" content=\"\u00c9quipe - PAN M 360\" \/>\n<meta property=\"og:description\" content=\"BOARD OF DIRECTORS Alexandre Auch\u00e9 &#8211; President \/ Promotor, artist manager, producer, High Food. Serge Proven\u00e7al &#8211; Secretary \/ Lawyer and legal advisor &#8211; Serge Proven\u00e7al Avocat Alain Brunet &#8211; Founder, Director \/ Columnist, critic, essayist, host, editor Maril\u00e8ne B\u00e9langer &#8211; Administrator \/ Lawyer, negotiating lawyer &#8211; Cirque du Soleil Patrick Baillargeon &#8211; Administrator \/ [&hellip;]\" \/>\n<meta property=\"og:url\" content=\"https:\/\/panm360.com\/en\/equipe\/\" \/>\n<meta property=\"og:site_name\" content=\"PAN M 360\" \/>\n<meta property=\"article:publisher\" content=\"https:\/\/www.facebook.com\/panm360\/\" \/>\n<meta property=\"article:modified_time\" content=\"2022-02-21T13:44:39+00:00\" \/>\n<meta name=\"twitter:card\" content=\"summary_large_image\" \/>\n<meta name=\"twitter:site\" content=\"@PANM360\" \/>\n<meta name=\"twitter:label1\" content=\"Est. reading time\" \/>\n\t<meta name=\"twitter:data1\" content=\"1 minute\" \/>\n<script type=\"application\/ld+json\" class=\"yoast-schema-graph\">{\"@context\":\"https:\/\/schema.org\",\"@graph\":[{\"@type\":\"WebPage\",\"@id\":\"https:\/\/panm360.com\/en\/equipe\/\",\"url\":\"https:\/\/panm360.com\/en\/equipe\/\",\"name\":\"\u00c9quipe - PAN M 360\",\"isPartOf\":{\"@id\":\"https:\/\/panm360.com\/en\/#website\"},\"datePublished\":\"2019-10-23T20:35:22+00:00\",\"dateModified\":\"2022-02-21T13:44:39+00:00\",\"breadcrumb\":{\"@id\":\"https:\/\/panm360.com\/en\/equipe\/#breadcrumb\"},\"inLanguage\":\"en-US\",\"potentialAction\":[{\"@type\":\"ReadAction\",\"target\":[\"https:\/\/panm360.com\/en\/equipe\/\"]}]},{\"@type\":\"BreadcrumbList\",\"@id\":\"https:\/\/panm360.com\/en\/equipe\/#breadcrumb\",\"itemListElement\":[{\"@type\":\"ListItem\",\"position\":1,\"name\":\"Accueil\",\"item\":\"https:\/\/panm360.com\/en\/home-360\/\"},{\"@type\":\"ListItem\",\"position\":2,\"name\":\"\u00c9quipe\"}]},{\"@type\":\"WebSite\",\"@id\":\"https:\/\/panm360.com\/en\/#website\",\"url\":\"https:\/\/panm360.com\/en\/\",\"name\":\"PAN M 360\",\"description\":\"Le m\u00e9dia num\u00e9rique de la musique !\",\"publisher\":{\"@id\":\"https:\/\/panm360.com\/en\/#organization\"},\"potentialAction\":[{\"@type\":\"SearchAction\",\"target\":{\"@type\":\"EntryPoint\",\"urlTemplate\":\"https:\/\/panm360.com\/en\/?s={search_term_string}\"},\"query-input\":{\"@type\":\"PropertyValueSpecification\",\"valueRequired\":true,\"valueName\":\"search_term_string\"}}],\"inLanguage\":\"en-US\"},{\"@type\":\"Organization\",\"@id\":\"https:\/\/panm360.com\/en\/#organization\",\"name\":\"PAN M 360\",\"url\":\"https:\/\/panm360.com\/en\/\",\"logo\":{\"@type\":\"ImageObject\",\"inLanguage\":\"en-US\",\"@id\":\"https:\/\/panm360.com\/en\/#\/schema\/logo\/image\/\",\"url\":\"https:\/\/panm360.com\/wp-content\/uploads\/2019\/12\/PAN-M360_Logo_RGB.jpg\",\"contentUrl\":\"https:\/\/panm360.com\/wp-content\/uploads\/2019\/12\/PAN-M360_Logo_RGB.jpg\",\"width\":1663,\"height\":631,\"caption\":\"PAN M 360\"},\"image\":{\"@id\":\"https:\/\/panm360.com\/en\/#\/schema\/logo\/image\/\"},\"sameAs\":[\"https:\/\/www.facebook.com\/panm360\/\",\"https:\/\/x.com\/PANM360\",\"https:\/\/www.instagram.com\/panm360\/\",\"https:\/\/www.linkedin.com\/company\/panm360\/\",\"https:\/\/www.youtube.com\/channel\/UCHEFHd3UhIrV6EJ3ltzVKOA?view_as=subscriber\"]}]}<\/script>\n<!-- \/ Yoast SEO plugin. -->","yoast_head_json":{"title":"\u00c9quipe - PAN M 360","robots":{"index":"index","follow":"follow","max-snippet":"max-snippet:-1","max-image-preview":"max-image-preview:large","max-video-preview":"max-video-preview:-1"},"canonical":"https:\/\/panm360.com\/en\/equipe\/","og_locale":"en_US","og_type":"article","og_title":"\u00c9quipe - PAN M 360","og_description":"BOARD OF DIRECTORS Alexandre Auch\u00e9 &#8211; President \/ Promotor, artist manager, producer, High Food. Serge Proven\u00e7al &#8211; Secretary \/ Lawyer and legal advisor &#8211; Serge Proven\u00e7al Avocat Alain Brunet &#8211; Founder, Director \/ Columnist, critic, essayist, host, editor Maril\u00e8ne B\u00e9langer &#8211; Administrator \/ Lawyer, negotiating lawyer &#8211; Cirque du Soleil Patrick Baillargeon &#8211; Administrator \/ [&hellip;]","og_url":"https:\/\/panm360.com\/en\/equipe\/","og_site_name":"PAN M 360","article_publisher":"https:\/\/www.facebook.com\/panm360\/","article_modified_time":"2022-02-21T13:44:39+00:00","twitter_card":"summary_large_image","twitter_site":"@PANM360","twitter_misc":{"Est. reading time":"1 minute"},"schema":{"@context":"https:\/\/schema.org","@graph":[{"@type":"WebPage","@id":"https:\/\/panm360.com\/en\/equipe\/","url":"https:\/\/panm360.com\/en\/equipe\/","name":"\u00c9quipe - PAN M 360","isPartOf":{"@id":"https:\/\/panm360.com\/en\/#website"},"datePublished":"2019-10-23T20:35:22+00:00","dateModified":"2022-02-21T13:44:39+00:00","breadcrumb":{"@id":"https:\/\/panm360.com\/en\/equipe\/#breadcrumb"},"inLanguage":"en-US","potentialAction":[{"@type":"ReadAction","target":["https:\/\/panm360.com\/en\/equipe\/"]}]},{"@type":"BreadcrumbList","@id":"https:\/\/panm360.com\/en\/equipe\/#breadcrumb","itemListElement":[{"@type":"ListItem","position":1,"name":"Accueil","item":"https:\/\/panm360.com\/en\/home-360\/"},{"@type":"ListItem","position":2,"name":"\u00c9quipe"}]},{"@type":"WebSite","@id":"https:\/\/panm360.com\/en\/#website","url":"https:\/\/panm360.com\/en\/","name":"PAN M 360","description":"Le m\u00e9dia num\u00e9rique de la musique !","publisher":{"@id":"https:\/\/panm360.com\/en\/#organization"},"potentialAction":[{"@type":"SearchAction","target":{"@type":"EntryPoint","urlTemplate":"https:\/\/panm360.com\/en\/?s={search_term_string}"},"query-input":{"@type":"PropertyValueSpecification","valueRequired":true,"valueName":"search_term_string"}}],"inLanguage":"en-US"},{"@type":"Organization","@id":"https:\/\/panm360.com\/en\/#organization","name":"PAN M 360","url":"https:\/\/panm360.com\/en\/","logo":{"@type":"ImageObject","inLanguage":"en-US","@id":"https:\/\/panm360.com\/en\/#\/schema\/logo\/image\/","url":"https:\/\/panm360.com\/wp-content\/uploads\/2019\/12\/PAN-M360_Logo_RGB.jpg","contentUrl":"https:\/\/panm360.com\/wp-content\/uploads\/2019\/12\/PAN-M360_Logo_RGB.jpg","width":1663,"height":631,"caption":"PAN M 360"},"image":{"@id":"https:\/\/panm360.com\/en\/#\/schema\/logo\/image\/"},"sameAs":["https:\/\/www.facebook.com\/panm360\/","https:\/\/x.com\/PANM360","https:\/\/www.instagram.com\/panm360\/","https:\/\/www.linkedin.com\/company\/panm360\/","https:\/\/www.youtube.com\/channel\/UCHEFHd3UhIrV6EJ3ltzVKOA?view_as=subscriber"]}]}},"_links":{"self":[{"href":"https:\/\/panm360.com\/en\/wp-json\/wp\/v2\/pages\/5744","targetHints":{"allow":["GET"]}}],"collection":[{"href":"https:\/\/panm360.com\/en\/wp-json\/wp\/v2\/pages"}],"about":[{"href":"https:\/\/panm360.com\/en\/wp-json\/wp\/v2\/types\/page"}],"author":[{"embeddable":true,"href":"https:\/\/panm360.com\/en\/wp-json\/wp\/v2\/users\/936"}],"replies":[{"embeddable":true,"href":"https:\/\/panm360.com\/en\/wp-json\/wp\/v2\/comments?post=5744"}],"version-history":[{"count":10,"href":"https:\/\/panm360.com\/en\/wp-json\/wp\/v2\/pages\/5744\/revisions"}],"predecessor-version":[{"id":62700,"href":"https:\/\/panm360.com\/en\/wp-json\/wp\/v2\/pages\/5744\/revisions\/62700"}],"wp:attachment":[{"href":"https:\/\/panm360.com\/en\/wp-json\/wp\/v2\/media?parent=5744"}],"curies":[{"name":"wp","href":"https:\/\/api.w.org\/{rel}","templated":true}]}}